{"id":2,"date":"2018-06-04T15:45:41","date_gmt":"2018-06-04T15:45:41","guid":{"rendered":"http:\/\/toplogpb.com.br\/wp\/?page_id=2"},"modified":"2026-04-17T14:25:35","modified_gmt":"2026-04-17T17:25:35","slug":"sample-page","status":"publish","type":"page","link":"http:\/\/toplogpb.com.br\/wp\/","title":{"rendered":"Bem-vindo!"},"content":{"rendered":"<p><img decoding=\"async\" loading=\"lazy\" class=\"size-medium wp-image-105 alignleft\" src=\"http:\/\/toplogpb.com.br\/wp\/wp-content\/uploads\/2018\/06\/09-300x200.jpg\" alt=\"\" width=\"300\" height=\"200\" \/><strong>Top Log Transportes e Opera\u00e7\u00f5es Portu\u00e1rias Ltda.<\/strong>, empresa de capital privado nacional e arrendat\u00e1ria no Terminal de Gr\u00e3os do Porto de Cabedelo.<\/p>\n<p>A Top Log \u00e9 100% paraibana e une em sua gest\u00e3o dois grupos empresariais, a \u00c1guia Turismo e a Campinense Transportes de Cargas, ambos de Campina Grande e com vasta experi\u00eancia em transportes e log\u00edstica.<\/p>\n<h3><strong><a href=\"http:\/\/toplogpb.com.br\/wp\/?page_id=139\">+ Leia Mais<\/a><\/strong><\/h3>\n<h1><strong><br \/>\nSERVI\u00c7OS<\/strong><\/h1>\n<p><strong>Nossos servi\u00e7os s\u00e3o flex\u00edveis e adapt\u00e1veis<\/strong>\u00a0as necessidades do cliente\/usu\u00e1rio do terminal entretanto segue abaixo a descri\u00e7\u00e3o detalhada e estruturas utilizadas por servi\u00e7o padr\u00e3o:<\/p>\n<p><img decoding=\"async\" loading=\"lazy\" class=\"size-medium wp-image-101 alignleft\" src=\"http:\/\/toplogpb.com.br\/wp\/wp-content\/uploads\/2018\/06\/05-300x200.jpg\" alt=\"\" width=\"300\" height=\"200\" srcset=\"http:\/\/toplogpb.com.br\/wp\/wp-content\/uploads\/2018\/06\/05-300x200.jpg 300w, http:\/\/toplogpb.com.br\/wp\/wp-content\/uploads\/2018\/06\/05-768x512.jpg 768w, http:\/\/toplogpb.com.br\/wp\/wp-content\/uploads\/2018\/06\/05-1024x683.jpg 1024w, http:\/\/toplogpb.com.br\/wp\/wp-content\/uploads\/2018\/06\/05.jpg 1200w\" sizes=\"(max-width: 300px) 100vw, 300px\" \/><strong>OPERA\u00c7\u00c3O PORTU\u00c1RIA<\/strong>\u00a0(Desestiva) &#8211; Caixas de recep\u00e7\u00e3o de produto aonde s\u00e3o descarregados os gr\u00e3os por meio de grabs e guindastes (n\u00e3o pertencentes ao terminal) e conduzem o material afunilando para o sistema de transporte&#8230;<\/p>\n<p><strong>ARMAZENAGEM DE GR\u00c3OS<\/strong>\u00a0&#8211; Silos met\u00e1licos de piso plano apoiado em bases de concreto armado e ainda correias transportadoras interligando as unidades de silos para opera\u00e7\u00f5es de remanejamento entre unidades de armazenamento (trans-silagem)&#8230;<\/p>\n<p><strong>TRANSPORTE RODOVI\u00c1RIO<\/strong>\u00a0&#8211; Opera\u00e7\u00e3o com ve\u00edculos terrestres de propriedade da empresa e de opera\u00e7\u00e3o por terceiros que utilizam vias de escoamento internas do porto&#8230;<\/p>\n<h3><a href=\"http:\/\/toplogpb.com.br\/wp\/?page_id=14\"><strong>+ Leia Mais<\/strong><\/a><\/h3>\n<p><span style=\"color: white;\">&#8212;&#8212;&#8211;<\/span><\/p>\n<h1><strong>TARIFAS<\/strong><\/h1>\n<p><strong>ARMAZENAGEM:<\/strong><\/p>\n<p>R$ 34,66\/m\u00b3 (Trinta e quatro Reais e sessenta e seis centavos) por metro c\u00fabico de armazenagem de gr\u00e3os vegetais).<\/p>\n<p><strong>OPERA\u00c7\u00c3O PORTU\u00c1RIA:<\/strong><\/p>\n<p>R$ 73,12 (Setenta e tr\u00eas Reais e doze centavos).<\/p>\n<h3><a href=\"http:\/\/toplogpb.com.br\/wp\/?page_id=16\"><strong>+ Leia Mais<\/strong><\/a><\/h3>\n","protected":false},"excerpt":{"rendered":"<p>Top Log Transportes e Opera\u00e7\u00f5es Portu\u00e1rias Ltda., empresa de capital privado nacional e arrendat\u00e1ria no Terminal de Gr\u00e3os do Porto de Cabedelo. A Top Log \u00e9 100% paraibana e une em sua gest\u00e3o dois grupos empresariais, a \u00c1guia Turismo e a Campinense Transportes de Cargas, ambos de Campina Grande e com vasta experi\u00eancia em transportes [&hellip;]<\/p>\n","protected":false},"author":1,"featured_media":0,"parent":0,"menu_order":0,"comment_status":"closed","ping_status":"open","template":"","meta":[],"_links":{"self":[{"href":"http:\/\/toplogpb.com.br\/wp\/index.php?rest_route=\/wp\/v2\/pages\/2"}],"collection":[{"href":"http:\/\/toplogpb.com.br\/wp\/index.php?rest_route=\/wp\/v2\/pages"}],"about":[{"href":"http:\/\/toplogpb.com.br\/wp\/index.php?rest_route=\/wp\/v2\/types\/page"}],"author":[{"embeddable":true,"href":"http:\/\/toplogpb.com.br\/wp\/index.php?rest_route=\/wp\/v2\/users\/1"}],"replies":[{"embeddable":true,"href":"http:\/\/toplogpb.com.br\/wp\/index.php?rest_route=%2Fwp%2Fv2%2Fcomments&post=2"}],"version-history":[{"count":18,"href":"http:\/\/toplogpb.com.br\/wp\/index.php?rest_route=\/wp\/v2\/pages\/2\/revisions"}],"predecessor-version":[{"id":314,"href":"http:\/\/toplogpb.com.br\/wp\/index.php?rest_route=\/wp\/v2\/pages\/2\/revisions\/314"}],"wp:attachment":[{"href":"http:\/\/toplogpb.com.br\/wp\/index.php?rest_route=%2Fwp%2Fv2%2Fmedia&parent=2"}],"curies":[{"name":"wp","href":"https:\/\/api.w.org\/{rel}","templated":true}]}}