{"id":17,"date":"2018-06-04T16:16:02","date_gmt":"2018-06-04T16:16:02","guid":{"rendered":"http:\/\/toplogpb.com.br\/wp\/?page_id=17"},"modified":"2024-02-20T15:13:20","modified_gmt":"2024-02-20T18:13:20","slug":"contato","status":"publish","type":"page","link":"http:\/\/toplogpb.com.br\/wp\/?page_id=17","title":{"rendered":"FALE CONOSCO"},"content":{"rendered":"<p><strong>TOP-LOG\/PB &#8211;\u00a0<\/strong><strong style=\"font-size: 16px;\">TRANSPORTES E OPERA\u00c7\u00d5ES PORTU\u00c1RIAS LTDA.<br \/>\n<\/strong>Rua Presidente Jo\u00e3o Pessoa, s\/n\u00ba,<br \/>\n\u00c1reas DI06\/09 &#8211;\u00a0(Porto Organizado de Cabedelo)<br \/>\n58100-100 &#8211; Centro<br \/>\nCabedelo\/PB &#8211; Brasil<\/p>\n<p>Telefone: +55 (83) 3228 1235<br \/>\nE-mail: administrativo@toplogpb.com.br<br \/>\nWebsite: www.toplogpb.com.br<\/p>\n<p><strong>Gerente Administrativa<\/strong><br \/>\n<em>Rogeany Ferreira Gon\u00e7alves<\/em><br \/>\ngerencia@toplogpb.com.br<br \/>\n+55 (83) 9 9839 1300<\/p>\n<p><strong>Diretoria Comercial<\/strong><br \/>\n<em>Carlos A. Andrade<\/em><br \/>\ncarlos.andrade@campinense.com.br<\/p>\n<p><strong>Diretoria de Opera\u00e7\u00f5es<\/strong><br \/>\n<em>Robson J. Gouveia<\/em><br \/>\nrobsonjgouveia@uol.com.br<\/p>\n<p><strong>Diretoria Financeira<\/strong><br \/>\n<em>Rawlson A. Andrade<\/em><br \/>\nrawlson.andrade@campinense.com.br<\/p>\n<p><strong>Se desejar, voc\u00ea tamb\u00e9m pode entrar em contato preenchendo nosso formul\u00e1rio abaixo:<\/strong><\/p>\n<div role=\"form\" class=\"wpcf7\" id=\"wpcf7-f223-o1\" lang=\"pt-PT\" dir=\"ltr\">\n<div class=\"screen-reader-response\"><\/div>\n<form action=\"\/wp\/index.php?rest_route=%2Fwp%2Fv2%2Fpages%2F17#wpcf7-f223-o1\" method=\"post\" class=\"wpcf7-form\" novalidate=\"novalidate\">\n<div style=\"display: none;\">\n<input type=\"hidden\" name=\"_wpcf7\" value=\"223\" \/>\n<input type=\"hidden\" name=\"_wpcf7_version\" value=\"5.0.2\" \/>\n<input type=\"hidden\" name=\"_wpcf7_locale\" value=\"pt_PT\" \/>\n<input type=\"hidden\" name=\"_wpcf7_unit_tag\" value=\"wpcf7-f223-o1\" \/>\n<input type=\"hidden\" name=\"_wpcf7_container_post\" value=\"0\" \/>\n<\/div>\n<p><label> O seu nome (obrigat\u00f3rio)<br \/>\n    <span class=\"wpcf7-form-control-wrap your-name\"><input type=\"text\" name=\"your-name\" value=\"\" size=\"40\" class=\"wpcf7-form-control wpcf7-text wpcf7-validates-as-required\" aria-required=\"true\" aria-invalid=\"false\" \/><\/span> <\/label><\/p>\n<p><label> O seu email (obrigat\u00f3rio)<br \/>\n    <span class=\"wpcf7-form-control-wrap your-email\"><input type=\"email\" name=\"your-email\" value=\"\" size=\"40\" class=\"wpcf7-form-control wpcf7-text wpcf7-email wpcf7-validates-as-required wpcf7-validates-as-email\" aria-required=\"true\" aria-invalid=\"false\" \/><\/span> <\/label><\/p>\n<p><label> Assunto<br \/>\n    <span class=\"wpcf7-form-control-wrap your-subject\"><input type=\"text\" name=\"your-subject\" value=\"\" size=\"40\" class=\"wpcf7-form-control wpcf7-text\" aria-invalid=\"false\" \/><\/span> <\/label><\/p>\n<p><label> A sua mensagem<br \/>\n    <span class=\"wpcf7-form-control-wrap your-message\"><textarea name=\"your-message\" cols=\"40\" rows=\"10\" class=\"wpcf7-form-control wpcf7-textarea\" aria-invalid=\"false\"><\/textarea><\/span> <\/label><\/p>\n<p><input type=\"submit\" value=\"Enviar\" class=\"wpcf7-form-control wpcf7-submit\" \/><\/p>\n<p style=\"display: none !important;\" class=\"akismet-fields-container\" data-prefix=\"_wpcf7_ak_\"><label>&#916;<textarea name=\"_wpcf7_ak_hp_textarea\" cols=\"45\" rows=\"8\" maxlength=\"100\"><\/textarea><\/label><input type=\"hidden\" id=\"ak_js_1\" name=\"_wpcf7_ak_js\" value=\"133\"\/><script>document.getElementById( \"ak_js_1\" ).setAttribute( \"value\", ( new Date() ).getTime() );<\/script><\/p><div class=\"wpcf7-response-output wpcf7-display-none\"><\/div><\/form><\/div>\n","protected":false},"excerpt":{"rendered":"<p>TOP-LOG\/PB &#8211;\u00a0TRANSPORTES E OPERA\u00c7\u00d5ES PORTU\u00c1RIAS LTDA. Rua Presidente Jo\u00e3o Pessoa, s\/n\u00ba, \u00c1reas DI06\/09 &#8211;\u00a0(Porto Organizado de Cabedelo) 58100-100 &#8211; Centro Cabedelo\/PB &#8211; Brasil Telefone: +55 (83) 3228 1235 E-mail: administrativo@toplogpb.com.br Website: www.toplogpb.com.br Gerente Administrativa Rogeany Ferreira Gon\u00e7alves gerencia@toplogpb.com.br +55 (83) 9 9839 1300 Diretoria Comercial Carlos A. Andrade carlos.andrade@campinense.com.br Diretoria de Opera\u00e7\u00f5es Robson J. Gouveia [&hellip;]<\/p>\n","protected":false},"author":1,"featured_media":0,"parent":0,"menu_order":0,"comment_status":"closed","ping_status":"closed","template":"","meta":[],"_links":{"self":[{"href":"http:\/\/toplogpb.com.br\/wp\/index.php?rest_route=\/wp\/v2\/pages\/17"}],"collection":[{"href":"http:\/\/toplogpb.com.br\/wp\/index.php?rest_route=\/wp\/v2\/pages"}],"about":[{"href":"http:\/\/toplogpb.com.br\/wp\/index.php?rest_route=\/wp\/v2\/types\/page"}],"author":[{"embeddable":true,"href":"http:\/\/toplogpb.com.br\/wp\/index.php?rest_route=\/wp\/v2\/users\/1"}],"replies":[{"embeddable":true,"href":"http:\/\/toplogpb.com.br\/wp\/index.php?rest_route=%2Fwp%2Fv2%2Fcomments&post=17"}],"version-history":[{"count":19,"href":"http:\/\/toplogpb.com.br\/wp\/index.php?rest_route=\/wp\/v2\/pages\/17\/revisions"}],"predecessor-version":[{"id":294,"href":"http:\/\/toplogpb.com.br\/wp\/index.php?rest_route=\/wp\/v2\/pages\/17\/revisions\/294"}],"wp:attachment":[{"href":"http:\/\/toplogpb.com.br\/wp\/index.php?rest_route=%2Fwp%2Fv2%2Fmedia&parent=17"}],"curies":[{"name":"wp","href":"https:\/\/api.w.org\/{rel}","templated":true}]}}