{"id":16,"date":"2018-06-04T16:16:02","date_gmt":"2018-06-04T16:16:02","guid":{"rendered":"http:\/\/toplogpb.com.br\/wp\/?page_id=16"},"modified":"2026-04-17T14:34:31","modified_gmt":"2026-04-17T17:34:31","slug":"tarifas","status":"publish","type":"page","link":"http:\/\/toplogpb.com.br\/wp\/?page_id=16","title":{"rendered":"TARIFAS"},"content":{"rendered":"<p><strong>ARMAZENAGEM:<\/strong><\/p>\n<p>R$ 34,66\/m\u00b3 (Trinta e quatro Reais e sessenta e seis centavos) por metro c\u00fabico de armazenagem de gr\u00e3os vegetais).<\/p>\n<p><strong>OPERA\u00c7\u00c3O PORTU\u00c1RIA:<\/strong><\/p>\n<p>R$ 73,12 (Setenta e tr\u00eas Reais e doze centavos).<br \/>\nOs valores apresentados s\u00e3o meramente referenciais, com base em 17\/04\/2026, e poder\u00e3o variar conforme per\u00edodo da opera\u00e7\u00e3o, volume, tipos de carga, condi\u00e7\u00f5es operacionais, disponibilidade log\u00edstica, trabalhador avulso mais excepcionalidades e demais aspectos comerciais. Consulte nossa equipe para proposta comercial formal.<\/p>\n<p>Sujeito a disponibilidade operacional.<\/p>\n<p><strong>CONDI\u00c7\u00d5ES GERAIS:<\/strong><\/p>\n<ul>\n<li>Franquia m\u00ednima de 8.196 m\u00b3 por unidade de armazenagem\/silo;<\/li>\n<li>Pagamento no carregamento do silo (A vista).<\/li>\n<li>Sujeito a disponibilidade de silo;<\/li>\n<li><span style=\"font-size: revert;\">Informar datas pretendidas e quantidades.<\/span><\/li>\n<\/ul>\n","protected":false},"excerpt":{"rendered":"<p>ARMAZENAGEM: R$ 34,66\/m\u00b3 (Trinta e quatro Reais e sessenta e seis centavos) por metro c\u00fabico de armazenagem de gr\u00e3os vegetais). OPERA\u00c7\u00c3O PORTU\u00c1RIA: R$ 73,12 (Setenta e tr\u00eas Reais e doze centavos). Os valores apresentados s\u00e3o meramente referenciais, com base em 17\/04\/2026, e poder\u00e3o variar conforme per\u00edodo da opera\u00e7\u00e3o, volume, tipos de carga, condi\u00e7\u00f5es operacionais, disponibilidade [&hellip;]<\/p>\n","protected":false},"author":1,"featured_media":0,"parent":0,"menu_order":0,"comment_status":"closed","ping_status":"closed","template":"","meta":[],"_links":{"self":[{"href":"http:\/\/toplogpb.com.br\/wp\/index.php?rest_route=\/wp\/v2\/pages\/16"}],"collection":[{"href":"http:\/\/toplogpb.com.br\/wp\/index.php?rest_route=\/wp\/v2\/pages"}],"about":[{"href":"http:\/\/toplogpb.com.br\/wp\/index.php?rest_route=\/wp\/v2\/types\/page"}],"author":[{"embeddable":true,"href":"http:\/\/toplogpb.com.br\/wp\/index.php?rest_route=\/wp\/v2\/users\/1"}],"replies":[{"embeddable":true,"href":"http:\/\/toplogpb.com.br\/wp\/index.php?rest_route=%2Fwp%2Fv2%2Fcomments&post=16"}],"version-history":[{"count":7,"href":"http:\/\/toplogpb.com.br\/wp\/index.php?rest_route=\/wp\/v2\/pages\/16\/revisions"}],"predecessor-version":[{"id":316,"href":"http:\/\/toplogpb.com.br\/wp\/index.php?rest_route=\/wp\/v2\/pages\/16\/revisions\/316"}],"wp:attachment":[{"href":"http:\/\/toplogpb.com.br\/wp\/index.php?rest_route=%2Fwp%2Fv2%2Fmedia&parent=16"}],"curies":[{"name":"wp","href":"https:\/\/api.w.org\/{rel}","templated":true}]}}