{"id":14,"date":"2018-06-04T16:16:02","date_gmt":"2018-06-04T16:16:02","guid":{"rendered":"http:\/\/toplogpb.com.br\/wp\/?page_id=14"},"modified":"2018-06-13T15:41:18","modified_gmt":"2018-06-13T15:41:18","slug":"servicos","status":"publish","type":"page","link":"http:\/\/toplogpb.com.br\/wp\/?page_id=14","title":{"rendered":"SERVI\u00c7OS"},"content":{"rendered":"<p><strong>OPERA\u00c7\u00c3O PORTU\u00c1RIA &#8211; ARMAZENAGEM DE GR\u00c3OS &#8211; TRANSPORTE RODOVI\u00c1RIO<\/strong><\/p>\n<p><strong>Nossos servi\u00e7os s\u00e3o flex\u00edveis e adapt\u00e1veis<\/strong> as necessidades do cliente\/usu\u00e1rio do terminal entretanto segue abaixo a descri\u00e7\u00e3o detalhada e estruturas utilizadas por servi\u00e7o padr\u00e3o:<\/p>\n<p><strong>OPERA\u00c7\u00c3O PORTU\u00c1RIA (Desestiva)<\/strong> &#8211; Caixas de recep\u00e7\u00e3o de produto aonde s\u00e3o descarregados os gr\u00e3os por meio de grabs e guindastes (n\u00e3o pertencentes ao terminal) e conduzem o material afunilando para o sistema de transporte.<br \/>\nOpera\u00e7\u00e3o de Transporte Prim\u00e1rio, Eleva\u00e7\u00e3o e Pesagem de Gr\u00e3os: Via esteiras transportadoras m\u00f3veis adapt\u00e1veis \u00e0s condi\u00e7\u00f5es de atraca\u00e7\u00e3o do navio no cais, elevadores de ca\u00e7ambas, correias transportadoras fixas e balan\u00e7a de fluxo compat\u00edveis com a prancha de descarga.<\/p>\n<p><strong>ARMAZENAGEM DE GR\u00c3OS<\/strong> &#8211; Silos met\u00e1licos de piso plano apoiado em bases de concreto armado e ainda correias transportadoras interligando as unidades de silos para opera\u00e7\u00f5es de remanejamento entre unidades de armazenamento (trans-silagem). Opera\u00e7\u00e3o de expedi\u00e7\u00e3o: Tulha de carregamento para modal terrestre via caixa met\u00e1lica de expedi\u00e7\u00e3o sobre linha multi modal rodoferrovi\u00e1ria.<br \/>\nVibro separador de gr\u00e3os, tararas met\u00e1licas, sistema de capta\u00e7\u00e3o de p\u00f3 com pontos sugadores em locais de impacto dos produtos, dutos de transporte pneum\u00e1tico, compressor de ar, filtro de mangas e silo para dep\u00f3sito e expedi\u00e7\u00e3o do subproduto.<\/p>\n<p><strong>TRANSPORTE RODOVI\u00c1RIO<\/strong> &#8211; Opera\u00e7\u00e3o com ve\u00edculos terrestres de propriedade da empresa e de opera\u00e7\u00e3o por terceiros que utilizam vias de escoamento internas do porto &#8211; malha de acessos internos &#8211; integrantes da infraestrutura terrestre.<br \/>\nOpera\u00e7\u00f5es de Controle, Manuten\u00e7\u00e3o e Apoio Administrativo: Locais destinados a almoxarifado, oficina de apoio mec\u00e2nico industrial, subesta\u00e7\u00e3o de energia, sala de controle de equipamentos e sala da administra\u00e7\u00e3o para emiss\u00e3o de documentos fiscais (Danfe\u2019s).<\/p>\n<p>&nbsp;<\/p>\n","protected":false},"excerpt":{"rendered":"<p>OPERA\u00c7\u00c3O PORTU\u00c1RIA &#8211; ARMAZENAGEM DE GR\u00c3OS &#8211; TRANSPORTE RODOVI\u00c1RIO Nossos servi\u00e7os s\u00e3o flex\u00edveis e adapt\u00e1veis as necessidades do cliente\/usu\u00e1rio do terminal entretanto segue abaixo a descri\u00e7\u00e3o detalhada e estruturas utilizadas por servi\u00e7o padr\u00e3o: OPERA\u00c7\u00c3O PORTU\u00c1RIA (Desestiva) &#8211; Caixas de recep\u00e7\u00e3o de produto aonde s\u00e3o descarregados os gr\u00e3os por meio de grabs e guindastes (n\u00e3o pertencentes [&hellip;]<\/p>\n","protected":false},"author":1,"featured_media":0,"parent":0,"menu_order":0,"comment_status":"closed","ping_status":"closed","template":"","meta":[],"_links":{"self":[{"href":"http:\/\/toplogpb.com.br\/wp\/index.php?rest_route=\/wp\/v2\/pages\/14"}],"collection":[{"href":"http:\/\/toplogpb.com.br\/wp\/index.php?rest_route=\/wp\/v2\/pages"}],"about":[{"href":"http:\/\/toplogpb.com.br\/wp\/index.php?rest_route=\/wp\/v2\/types\/page"}],"author":[{"embeddable":true,"href":"http:\/\/toplogpb.com.br\/wp\/index.php?rest_route=\/wp\/v2\/users\/1"}],"replies":[{"embeddable":true,"href":"http:\/\/toplogpb.com.br\/wp\/index.php?rest_route=%2Fwp%2Fv2%2Fcomments&post=14"}],"version-history":[{"count":9,"href":"http:\/\/toplogpb.com.br\/wp\/index.php?rest_route=\/wp\/v2\/pages\/14\/revisions"}],"predecessor-version":[{"id":210,"href":"http:\/\/toplogpb.com.br\/wp\/index.php?rest_route=\/wp\/v2\/pages\/14\/revisions\/210"}],"wp:attachment":[{"href":"http:\/\/toplogpb.com.br\/wp\/index.php?rest_route=%2Fwp%2Fv2%2Fmedia&parent=14"}],"curies":[{"name":"wp","href":"https:\/\/api.w.org\/{rel}","templated":true}]}}