{"id":139,"date":"2018-06-04T23:23:51","date_gmt":"2018-06-04T23:23:51","guid":{"rendered":"http:\/\/toplogpb.com.br\/wp\/?page_id=139"},"modified":"2018-06-16T02:49:33","modified_gmt":"2018-06-16T02:49:33","slug":"institucional","status":"publish","type":"page","link":"http:\/\/toplogpb.com.br\/wp\/?page_id=139","title":{"rendered":"INSTITUCIONAL"},"content":{"rendered":"<p><img decoding=\"async\" loading=\"lazy\" class=\"size-medium wp-image-44 alignleft\" src=\"http:\/\/toplogpb.com.br\/wp\/wp-content\/uploads\/2018\/06\/toplog01-300x215.jpg\" alt=\"\" width=\"300\" height=\"215\" srcset=\"http:\/\/toplogpb.com.br\/wp\/wp-content\/uploads\/2018\/06\/toplog01-300x215.jpg 300w, http:\/\/toplogpb.com.br\/wp\/wp-content\/uploads\/2018\/06\/toplog01.jpg 348w\" sizes=\"(max-width: 300px) 100vw, 300px\" \/>Em Maio de 2012, surgia no cen\u00e1rio mercadol\u00f3gico e log\u00edstico da Para\u00edba a Top Log Transportes e Opera\u00e7\u00f5es Portu\u00e1rias Ltda., empresa de capital privado nacional e arrendat\u00e1ria no Terminal de Gr\u00e3os do Porto de Cabedelo.<\/p>\n<p>A Top Log \u00e9 100% paraibana e une em sua gest\u00e3o dois grupos empresariais, a \u00c1guia Turismo e a Campinense Transportes de Cargas, ambos de Campina Grande e com vasta experi\u00eancia em transportes e log\u00edstica.<\/p>\n<p>Os principais acessos que beneficiam o Terminal de Gr\u00e3os compreendem os existentes no porto: mar\u00edtimo, rodovi\u00e1rio e ferrovi\u00e1rio. Permitindo assim, opera\u00e7\u00f5es multimodais flex\u00edveis e adapt\u00e1veis \u00e0s operacionalidades de cargas em geral.<\/p>\n<p>Outra importante caracter\u00edstica da empresa est\u00e1 relacionada ao meio ambiente, que \u00e9 preservado atrav\u00e9s de equipamentos que asseguram opera\u00e7\u00f5es eficientes e sustent\u00e1veis. Foram feitos investimentos em sistemas de capta\u00e7\u00e3o de p\u00f3, que elimina a emiss\u00e3o de res\u00edduos na atmosfera, e em silos de armazenamento para expedi\u00e7\u00e3o deste subproduto para sua reutiliza\u00e7\u00e3o na ind\u00fastria de ra\u00e7\u00e3o animal.<\/p>\n<ul>\n<li><strong>Nossa Miss\u00e3o<\/strong><br \/>\nSer reconhecida como operadora log\u00edstica eficaz, atuando de maneira sustent\u00e1vel e investindo em equipamentos de alta tecnologia para obter excel\u00eancia em seus servi\u00e7os, buscando continuamente a satisfa\u00e7\u00e3o dos clientes, gerando lucro aos acionistas e desenvolvimento econ\u00f4mico e social.\n<\/li>\n<li><strong>Nossa Vis\u00e3o<\/strong><br \/>\nEstar entre as maiores empresas do pa\u00eds sendo, a de maior rentabilidade do setor em que atua, desenvolvendo parcerias e dando \u00eanfase \u00e0 competitividade, ao crescimento sustent\u00e1vel, a qualidade total e a satisfa\u00e7\u00e3o dos clientes e colaboradores.\n<\/li>\n<li><strong>Nossos Valores<\/strong><br \/>\n\u00a0 &#8211;\u00a0 Respeito a Vida: Priorizamos a seguran\u00e7a em nossas a\u00e7\u00f5es, a vida e a sa\u00fade das nossas pessoas s\u00e3o mais importantes do que bens materiais e resultados.<br \/>\n&#8211;\u00a0 Confiabilidade: Somos \u00e9ticos, confi\u00e1veis e transparentes, cumprimos aquilo que prometemos com o objetivo de estabelecer parcerias duradouras e lucrativas.<br \/>\n&#8211;\u00a0 Efic\u00e1cia: Valorizamos uma gest\u00e3o que otimiza os recursos, evita desperd\u00edcios e com isso respeita o meio ambiente e maximiza os investimentos dos acionistas.<br \/>\n&#8211;\u00a0 Qualidade: Temos obsess\u00e3o por fazer o melhor, se especializar continuamente e perseguir a inova\u00e7\u00e3o e as tecnologias de vanguarda para oferecer sempre servi\u00e7os excelentes.<br \/>\n&#8211;\u00a0 Pessoas: Incentivamos e valorizamos as iniciativas, a proatividade e a criatividade de nossas pessoas motivando-as a serem comprometidas com a organiza\u00e7\u00e3o.<br \/>\n&#8211;\u00a0 Aprendizagem e Conhecimento: Somos conscientes que a informa\u00e7\u00e3o, o conhecimento, a experi\u00eancia, o capital intelectual e a busca da aprendizagem cont\u00ednua em nossa organiza\u00e7\u00e3o s\u00e3o elementos de sustenta\u00e7\u00e3o no mercado em que atuamos.<br \/>\n&#8211;\u00a0 Respeito ao Meio Ambiente: Nossas pr\u00e1ticas estar\u00e3o sempre alinhadas com a preserva\u00e7\u00e3o ambiental e com a responsabilidade social.<\/li>\n<\/ul>\n","protected":false},"excerpt":{"rendered":"<p>Em Maio de 2012, surgia no cen\u00e1rio mercadol\u00f3gico e log\u00edstico da Para\u00edba a Top Log Transportes e Opera\u00e7\u00f5es Portu\u00e1rias Ltda., empresa de capital privado nacional e arrendat\u00e1ria no Terminal de Gr\u00e3os do Porto de Cabedelo. A Top Log \u00e9 100% paraibana e une em sua gest\u00e3o dois grupos empresariais, a \u00c1guia Turismo e a Campinense [&hellip;]<\/p>\n","protected":false},"author":1,"featured_media":0,"parent":0,"menu_order":0,"comment_status":"closed","ping_status":"closed","template":"","meta":[],"_links":{"self":[{"href":"http:\/\/toplogpb.com.br\/wp\/index.php?rest_route=\/wp\/v2\/pages\/139"}],"collection":[{"href":"http:\/\/toplogpb.com.br\/wp\/index.php?rest_route=\/wp\/v2\/pages"}],"about":[{"href":"http:\/\/toplogpb.com.br\/wp\/index.php?rest_route=\/wp\/v2\/types\/page"}],"author":[{"embeddable":true,"href":"http:\/\/toplogpb.com.br\/wp\/index.php?rest_route=\/wp\/v2\/users\/1"}],"replies":[{"embeddable":true,"href":"http:\/\/toplogpb.com.br\/wp\/index.php?rest_route=%2Fwp%2Fv2%2Fcomments&post=139"}],"version-history":[{"count":7,"href":"http:\/\/toplogpb.com.br\/wp\/index.php?rest_route=\/wp\/v2\/pages\/139\/revisions"}],"predecessor-version":[{"id":265,"href":"http:\/\/toplogpb.com.br\/wp\/index.php?rest_route=\/wp\/v2\/pages\/139\/revisions\/265"}],"wp:attachment":[{"href":"http:\/\/toplogpb.com.br\/wp\/index.php?rest_route=%2Fwp%2Fv2%2Fmedia&parent=139"}],"curies":[{"name":"wp","href":"https:\/\/api.w.org\/{rel}","templated":true}]}}